{"id":115,"date":"2023-10-05T14:07:13","date_gmt":"2023-10-05T14:07:13","guid":{"rendered":"https:\/\/stommer.se\/?page_id=115"},"modified":"2026-02-11T09:23:03","modified_gmt":"2026-02-11T09:23:03","slug":"sidfot","status":"publish","type":"page","link":"https:\/\/stommer.se\/sv\/sidfot\/","title":{"rendered":"Sidfot"},"content":{"rendered":"<style>.kb-row-layout-id115_f1e25c-18 > .kt-row-column-wrap{align-content:start;}:where(.kb-row-layout-id115_f1e25c-18 > .kt-row-column-wrap) > .wp-block-kadence-column{justify-content:start;}.kb-row-layout-id115_f1e25c-18 > .kt-row-column-wrap{column-gap:var(--global-kb-gap-none, 0rem );row-gap:var(--global-kb-gap-none, 0rem );max-width:95vw;margin-left:auto;margin-right:auto;padding-top:var(--global-kb-spacing-lg, 3rem);padding-bottom:var(--global-kb-spacing-md, 2rem);}.kb-row-layout-id115_f1e25c-18 > .kt-row-column-wrap > div:not(.added-for-specificity){grid-column:initial;}.kb-row-layout-id115_f1e25c-18 > .kt-row-column-wrap{grid-template-columns:repeat(5, minmax(0, 1fr));}.kb-row-layout-id115_f1e25c-18 > .kt-row-layout-overlay{opacity:0.30;}@media all and (max-width: 1024px){.kb-row-layout-id115_f1e25c-18 > .kt-row-column-wrap > div:not(.added-for-specificity){grid-column:initial;}}@media all and (max-width: 1024px){.kb-row-layout-id115_f1e25c-18 > .kt-row-column-wrap{grid-template-columns:repeat(5, minmax(0, 1fr));}}@media all and (max-width: 767px){.kb-row-layout-id115_f1e25c-18 > .kt-row-column-wrap{row-gap:var(--global-kb-gap-none, 0rem );padding-top:var(--global-kb-spacing-sm, 1.5rem);grid-template-columns:minmax(0, 1fr);}.kb-row-layout-id115_f1e25c-18 > .kt-row-column-wrap > div:not(.added-for-specificity){grid-column:initial;}}<\/style><div class=\"kb-row-layout-wrap kb-row-layout-id115_f1e25c-18 alignnone has-black-background-color kt-row-has-bg footer-row wp-block-kadence-rowlayout\"><div class=\"kt-row-column-wrap kt-has-5-columns kt-row-layout-equal kt-tab-layout-inherit kt-mobile-layout-row kt-row-valign-top\">\n<style>.kadence-column115_2b3994-0b > .kt-inside-inner-col{display:flex;}.kadence-column115_2b3994-0b > .kt-inside-inner-col,.kadence-column115_2b3994-0b > .kt-inside-inner-col:before{border-top-left-radius:0px;border-top-right-radius:0px;border-bottom-right-radius:0px;border-bottom-left-radius:0px;}.kadence-column115_2b3994-0b > .kt-inside-inner-col{column-gap:var(--global-kb-gap-sm, 1rem);}.kadence-column115_2b3994-0b > .kt-inside-inner-col{flex-direction:column;justify-content:center;}.kadence-column115_2b3994-0b > .kt-inside-inner-col > .aligncenter{width:100%;}.kt-row-column-wrap > .kadence-column115_2b3994-0b{align-self:center;}.kt-inner-column-height-full:not(.kt-has-1-columns) > .wp-block-kadence-column.kadence-column115_2b3994-0b{align-self:auto;}.kt-inner-column-height-full:not(.kt-has-1-columns) > .wp-block-kadence-column.kadence-column115_2b3994-0b > .kt-inside-inner-col{flex-direction:column;justify-content:center;}.kadence-column115_2b3994-0b > .kt-inside-inner-col:before{opacity:0.3;}.kadence-column115_2b3994-0b{position:relative;}@media all and (max-width: 1024px){.kt-row-column-wrap > .kadence-column115_2b3994-0b{align-self:center;}}@media all and (max-width: 1024px){.kt-inner-column-height-full:not(.kt-has-1-columns) > .wp-block-kadence-column.kadence-column115_2b3994-0b{align-self:auto;}}@media all and (max-width: 1024px){.kt-inner-column-height-full:not(.kt-has-1-columns) > .wp-block-kadence-column.kadence-column115_2b3994-0b > .kt-inside-inner-col{flex-direction:column;justify-content:center;}}@media all and (max-width: 1024px){.kadence-column115_2b3994-0b > .kt-inside-inner-col{flex-direction:column;justify-content:center;}}@media all and (max-width: 767px){.kadence-column115_2b3994-0b > .kt-inside-inner-col{padding-right:var(--global-kb-spacing-sm, 1.5rem);padding-bottom:var(--global-kb-spacing-md, 2rem);padding-left:var(--global-kb-spacing-sm, 1.5rem);flex-direction:column;justify-content:center;align-items:flex-start;}.kt-row-column-wrap > .kadence-column115_2b3994-0b{align-self:center;}.kt-inner-column-height-full:not(.kt-has-1-columns) > .wp-block-kadence-column.kadence-column115_2b3994-0b{align-self:auto;}.kt-inner-column-height-full:not(.kt-has-1-columns) > .wp-block-kadence-column.kadence-column115_2b3994-0b > .kt-inside-inner-col{flex-direction:column;justify-content:center;}}<\/style>\n<div class=\"wp-block-kadence-column kadence-column115_2b3994-0b kvs-lg-false kvs-md-false\"><div class=\"kt-inside-inner-col\">\n<h2 class=\"wp-block-heading has-text-align-center contact has-white-color has-text-color has-link-color wp-elements-16e19c70146999ef5c7bb84dea424f83\" style=\"font-size:25px\"><a href=\"\/contact\">Kontakta oss!<\/a><\/h2>\n<\/div><\/div>\n\n\n<style>.kadence-column115_7ab77b-fe > .kt-inside-inner-col{display:flex;}.kadence-column115_7ab77b-fe > .kt-inside-inner-col{min-height:150px;}.kadence-column115_7ab77b-fe > .kt-inside-inner-col,.kadence-column115_7ab77b-fe > .kt-inside-inner-col:before{border-top-left-radius:0px;border-top-right-radius:0px;border-bottom-right-radius:0px;border-bottom-left-radius:0px;}.kadence-column115_7ab77b-fe > .kt-inside-inner-col{column-gap:var(--global-kb-gap-sm, 1rem);}.kadence-column115_7ab77b-fe > .kt-inside-inner-col{flex-direction:column;justify-content:center;}.kadence-column115_7ab77b-fe > .kt-inside-inner-col > .aligncenter{width:100%;}.kt-row-column-wrap > .kadence-column115_7ab77b-fe{align-self:center;}.kt-inner-column-height-full:not(.kt-has-1-columns) > .wp-block-kadence-column.kadence-column115_7ab77b-fe{align-self:auto;}.kt-inner-column-height-full:not(.kt-has-1-columns) > .wp-block-kadence-column.kadence-column115_7ab77b-fe > .kt-inside-inner-col{flex-direction:column;justify-content:center;}.kadence-column115_7ab77b-fe > .kt-inside-inner-col:before{opacity:0.3;}.kadence-column115_7ab77b-fe{position:relative;}@media all and (max-width: 1024px){.kt-row-column-wrap > .kadence-column115_7ab77b-fe{align-self:center;}}@media all and (max-width: 1024px){.kt-inner-column-height-full:not(.kt-has-1-columns) > .wp-block-kadence-column.kadence-column115_7ab77b-fe{align-self:auto;}}@media all and (max-width: 1024px){.kt-inner-column-height-full:not(.kt-has-1-columns) > .wp-block-kadence-column.kadence-column115_7ab77b-fe > .kt-inside-inner-col{flex-direction:column;justify-content:center;}}@media all and (max-width: 1024px){.kadence-column115_7ab77b-fe > .kt-inside-inner-col{flex-direction:column;justify-content:center;}}@media all and (max-width: 767px){.kadence-column115_7ab77b-fe > .kt-inside-inner-col{min-height:0px;row-gap:var(--global-kb-gap-sm, 1rem);flex-direction:column;justify-content:center;align-items:center;}.kt-row-column-wrap > .kadence-column115_7ab77b-fe{align-self:center;}.kt-inner-column-height-full:not(.kt-has-1-columns) > .wp-block-kadence-column.kadence-column115_7ab77b-fe{align-self:auto;}.kt-inner-column-height-full:not(.kt-has-1-columns) > .wp-block-kadence-column.kadence-column115_7ab77b-fe > .kt-inside-inner-col{flex-direction:column;justify-content:center;}.kadence-column115_7ab77b-fe{text-align:left;}}<\/style>\n<div class=\"wp-block-kadence-column kadence-column115_7ab77b-fe\"><div class=\"kt-inside-inner-col\"><div class=\"wp-block-image footer-logo\">\n<figure class=\"aligncenter size-full\"><a href=\"https:\/\/stommer.se\/\"><img decoding=\"async\" src=\"https:\/\/stommer.se\/wp-content\/uploads\/2024\/10\/2rbef76yl5am2vz40ot.svg\" alt=\"\" class=\"wp-image-570\"\/><\/a><\/figure><\/div><\/div><\/div>\n\n\n<style>.kadence-column115_356b50-81 > .kt-inside-inner-col{display:flex;}.kadence-column115_356b50-81 > .kt-inside-inner-col{min-height:150px;}.kadence-column115_356b50-81 > .kt-inside-inner-col,.kadence-column115_356b50-81 > .kt-inside-inner-col:before{border-top-left-radius:0px;border-top-right-radius:0px;border-bottom-right-radius:0px;border-bottom-left-radius:0px;}.kadence-column115_356b50-81 > .kt-inside-inner-col{column-gap:var(--global-kb-gap-sm, 1rem);}.kadence-column115_356b50-81 > .kt-inside-inner-col{flex-direction:column;justify-content:center;}.kadence-column115_356b50-81 > .kt-inside-inner-col > .aligncenter{width:100%;}.kt-row-column-wrap > .kadence-column115_356b50-81{align-self:center;}.kt-inner-column-height-full:not(.kt-has-1-columns) > .wp-block-kadence-column.kadence-column115_356b50-81{align-self:auto;}.kt-inner-column-height-full:not(.kt-has-1-columns) > .wp-block-kadence-column.kadence-column115_356b50-81 > .kt-inside-inner-col{flex-direction:column;justify-content:center;}.kadence-column115_356b50-81 > .kt-inside-inner-col:before{opacity:0.3;}.kadence-column115_356b50-81{position:relative;}@media all and (max-width: 1024px){.kt-row-column-wrap > .kadence-column115_356b50-81{align-self:center;}}@media all and (max-width: 1024px){.kt-inner-column-height-full:not(.kt-has-1-columns) > .wp-block-kadence-column.kadence-column115_356b50-81{align-self:auto;}}@media all and (max-width: 1024px){.kt-inner-column-height-full:not(.kt-has-1-columns) > .wp-block-kadence-column.kadence-column115_356b50-81 > .kt-inside-inner-col{flex-direction:column;justify-content:center;}}@media all and (max-width: 1024px){.kadence-column115_356b50-81 > .kt-inside-inner-col{flex-direction:column;justify-content:center;}}@media all and (max-width: 767px){.kadence-column115_356b50-81 > .kt-inside-inner-col{padding-top:var(--global-kb-spacing-xs, 1rem);min-height:0px;flex-direction:column;justify-content:center;}.kt-row-column-wrap > .kadence-column115_356b50-81{align-self:center;}.kt-inner-column-height-full:not(.kt-has-1-columns) > .wp-block-kadence-column.kadence-column115_356b50-81{align-self:auto;}.kt-inner-column-height-full:not(.kt-has-1-columns) > .wp-block-kadence-column.kadence-column115_356b50-81 > .kt-inside-inner-col{flex-direction:column;justify-content:center;}}<\/style>\n<div class=\"wp-block-kadence-column kadence-column115_356b50-81 kvs-sm-false\"><div class=\"kt-inside-inner-col\">\n<div class=\"wp-block-group is-content-justification-center is-nowrap is-layout-flex wp-container-core-group-is-layout-94bc23d7 wp-block-group-is-layout-flex\">\n<p class=\"has-text-align-center has-black-color has-text-color has-link-color wp-elements-c640bcf757cc4f433429f471896454c6\" style=\"font-size:14px\"><a href=\"mailto:info@stommer.se\"><\/a><a href=\"mailto:info@stommer.se\">info@stommer.se<\/a><br><a href=\"tel:+46761148222\"><\/a><a href=\"tel:+46761148222\">+46 (0)76 114 82 22<\/a><\/p>\n<\/div>\n<\/div><\/div>\n\n\n<style>.kadence-column115_a588c5-14 > .kt-inside-inner-col{display:flex;}.kadence-column115_a588c5-14 > .kt-inside-inner-col{min-height:150px;}.kadence-column115_a588c5-14 > .kt-inside-inner-col,.kadence-column115_a588c5-14 > .kt-inside-inner-col:before{border-top-left-radius:0px;border-top-right-radius:0px;border-bottom-right-radius:0px;border-bottom-left-radius:0px;}.kadence-column115_a588c5-14 > .kt-inside-inner-col{column-gap:var(--global-kb-gap-sm, 1rem);}.kadence-column115_a588c5-14 > .kt-inside-inner-col{flex-direction:column;justify-content:center;}.kadence-column115_a588c5-14 > .kt-inside-inner-col > .aligncenter{width:100%;}.kt-row-column-wrap > .kadence-column115_a588c5-14{align-self:center;}.kt-inner-column-height-full:not(.kt-has-1-columns) > .wp-block-kadence-column.kadence-column115_a588c5-14{align-self:auto;}.kt-inner-column-height-full:not(.kt-has-1-columns) > .wp-block-kadence-column.kadence-column115_a588c5-14 > .kt-inside-inner-col{flex-direction:column;justify-content:center;}.kadence-column115_a588c5-14 > .kt-inside-inner-col:before{opacity:0.3;}.kadence-column115_a588c5-14{position:relative;}@media all and (max-width: 1024px){.kt-row-column-wrap > .kadence-column115_a588c5-14{align-self:center;}}@media all and (max-width: 1024px){.kt-inner-column-height-full:not(.kt-has-1-columns) > .wp-block-kadence-column.kadence-column115_a588c5-14{align-self:auto;}}@media all and (max-width: 1024px){.kt-inner-column-height-full:not(.kt-has-1-columns) > .wp-block-kadence-column.kadence-column115_a588c5-14 > .kt-inside-inner-col{flex-direction:column;justify-content:center;}}@media all and (max-width: 1024px){.kadence-column115_a588c5-14 > .kt-inside-inner-col{flex-direction:column;justify-content:center;}}@media all and (max-width: 767px){.kadence-column115_a588c5-14 > .kt-inside-inner-col{padding-top:var(--global-kb-spacing-md, 2rem);padding-right:var(--global-kb-spacing-sm, 1.5rem);padding-bottom:var(--global-kb-spacing-md, 2rem);padding-left:var(--global-kb-spacing-sm, 1.5rem);min-height:0px;flex-direction:column;justify-content:center;align-items:flex-start;}.kt-row-column-wrap > .kadence-column115_a588c5-14{align-self:center;}.kt-inner-column-height-full:not(.kt-has-1-columns) > .wp-block-kadence-column.kadence-column115_a588c5-14{align-self:auto;}.kt-inner-column-height-full:not(.kt-has-1-columns) > .wp-block-kadence-column.kadence-column115_a588c5-14 > .kt-inside-inner-col{flex-direction:column;justify-content:center;}}<\/style>\n<div class=\"wp-block-kadence-column kadence-column115_a588c5-14 kvs-sm-false\"><div class=\"kt-inside-inner-col\">\n<div class=\"wp-block-group is-content-justification-center is-nowrap is-layout-flex wp-container-core-group-is-layout-94bc23d7 wp-block-group-is-layout-flex\">\n<p class=\"has-text-align-center has-black-color has-text-color has-link-color wp-elements-3dea854bbf160a6ed039f3458d15acfe\" style=\"font-size:14px\"><a href=\"https:\/\/maps.app.goo.gl\/ehq5cexWDdZ6RmdR9\">J\u00e4rntorgsgatan 12-14<\/a><br><a href=\"https:\/\/maps.app.goo.gl\/ehq5cexWDdZ6RmdR9\">413 30 G\u00f6teborg<\/a><\/p>\n<\/div>\n<\/div><\/div>\n\n\n<style>.kadence-column115_923974-19 > .kt-inside-inner-col{display:flex;}.kadence-column115_923974-19 > .kt-inside-inner-col{min-height:150px;}.kadence-column115_923974-19 > .kt-inside-inner-col,.kadence-column115_923974-19 > .kt-inside-inner-col:before{border-top-left-radius:0px;border-top-right-radius:0px;border-bottom-right-radius:0px;border-bottom-left-radius:0px;}.kadence-column115_923974-19 > .kt-inside-inner-col{column-gap:var(--global-kb-gap-sm, 1rem);}.kadence-column115_923974-19 > .kt-inside-inner-col{flex-direction:column;justify-content:center;}.kadence-column115_923974-19 > .kt-inside-inner-col > .aligncenter{width:100%;}.kt-row-column-wrap > .kadence-column115_923974-19{align-self:center;}.kt-inner-column-height-full:not(.kt-has-1-columns) > .wp-block-kadence-column.kadence-column115_923974-19{align-self:auto;}.kt-inner-column-height-full:not(.kt-has-1-columns) > .wp-block-kadence-column.kadence-column115_923974-19 > .kt-inside-inner-col{flex-direction:column;justify-content:center;}.kadence-column115_923974-19 > .kt-inside-inner-col:before{opacity:0.3;}.kadence-column115_923974-19{position:relative;}@media all and (max-width: 1024px){.kt-row-column-wrap > .kadence-column115_923974-19{align-self:center;}}@media all and (max-width: 1024px){.kt-inner-column-height-full:not(.kt-has-1-columns) > .wp-block-kadence-column.kadence-column115_923974-19{align-self:auto;}}@media all and (max-width: 1024px){.kt-inner-column-height-full:not(.kt-has-1-columns) > .wp-block-kadence-column.kadence-column115_923974-19 > .kt-inside-inner-col{flex-direction:column;justify-content:center;}}@media all and (max-width: 1024px){.kadence-column115_923974-19 > .kt-inside-inner-col{flex-direction:column;justify-content:center;}}@media all and (max-width: 767px){.kadence-column115_923974-19 > .kt-inside-inner-col{padding-top:var(--global-kb-spacing-xs, 1rem);min-height:0px;flex-direction:column;justify-content:center;}.kt-row-column-wrap > .kadence-column115_923974-19{align-self:center;}.kt-inner-column-height-full:not(.kt-has-1-columns) > .wp-block-kadence-column.kadence-column115_923974-19{align-self:auto;}.kt-inner-column-height-full:not(.kt-has-1-columns) > .wp-block-kadence-column.kadence-column115_923974-19 > .kt-inside-inner-col{flex-direction:column;justify-content:center;}}<\/style>\n<div class=\"wp-block-kadence-column kadence-column115_923974-19 kvs-sm-false\"><div class=\"kt-inside-inner-col\">\n<div class=\"wp-block-group is-content-justification-center is-nowrap is-layout-flex wp-container-core-group-is-layout-94bc23d7 wp-block-group-is-layout-flex\">\n<p class=\"has-text-align-center has-black-color has-text-color has-link-color wp-elements-55deeba7f0c488f8502e15858d38a8e9\" style=\"font-size:14px\">\u00a9 Stommer Studios AB.<br>Alla r\u00e4ttigheter reserverade 2025<\/p>\n<\/div>\n<\/div><\/div>\n\n\n<style>.kadence-column115_0ecafe-f5 > .kt-inside-inner-col{display:flex;}.kadence-column115_0ecafe-f5 > .kt-inside-inner-col,.kadence-column115_0ecafe-f5 > .kt-inside-inner-col:before{border-top-left-radius:0px;border-top-right-radius:0px;border-bottom-right-radius:0px;border-bottom-left-radius:0px;}.kadence-column115_0ecafe-f5 > .kt-inside-inner-col{column-gap:var(--global-kb-gap-sm, 1rem);}.kadence-column115_0ecafe-f5 > .kt-inside-inner-col{flex-direction:column;justify-content:center;}.kadence-column115_0ecafe-f5 > .kt-inside-inner-col > .aligncenter{width:100%;}.kt-row-column-wrap > .kadence-column115_0ecafe-f5{align-self:center;}.kt-inner-column-height-full:not(.kt-has-1-columns) > .wp-block-kadence-column.kadence-column115_0ecafe-f5{align-self:auto;}.kt-inner-column-height-full:not(.kt-has-1-columns) > .wp-block-kadence-column.kadence-column115_0ecafe-f5 > .kt-inside-inner-col{flex-direction:column;justify-content:center;}.kadence-column115_0ecafe-f5 > .kt-inside-inner-col:before{opacity:0.3;}.kadence-column115_0ecafe-f5{position:relative;}@media all and (max-width: 1024px){.kt-row-column-wrap > .kadence-column115_0ecafe-f5{align-self:center;}}@media all and (max-width: 1024px){.kt-inner-column-height-full:not(.kt-has-1-columns) > .wp-block-kadence-column.kadence-column115_0ecafe-f5{align-self:auto;}}@media all and (max-width: 1024px){.kt-inner-column-height-full:not(.kt-has-1-columns) > .wp-block-kadence-column.kadence-column115_0ecafe-f5 > .kt-inside-inner-col{flex-direction:column;justify-content:center;}}@media all and (max-width: 1024px){.kadence-column115_0ecafe-f5 > .kt-inside-inner-col{flex-direction:column;justify-content:center;}}@media all and (max-width: 767px){.kadence-column115_0ecafe-f5 > .kt-inside-inner-col{padding-right:var(--global-kb-spacing-md, 2rem);padding-left:var(--global-kb-spacing-md, 2rem);flex-direction:column;justify-content:center;align-items:flex-start;}.kt-row-column-wrap > .kadence-column115_0ecafe-f5{align-self:center;}.kt-inner-column-height-full:not(.kt-has-1-columns) > .wp-block-kadence-column.kadence-column115_0ecafe-f5{align-self:auto;}.kt-inner-column-height-full:not(.kt-has-1-columns) > .wp-block-kadence-column.kadence-column115_0ecafe-f5 > .kt-inside-inner-col{flex-direction:column;justify-content:center;}}<\/style>\n<div class=\"wp-block-kadence-column kadence-column115_0ecafe-f5 kvs-sm-false\"><div class=\"kt-inside-inner-col\">\n<h2 class=\"wp-block-heading has-text-align-center contact has-black-color has-text-color has-link-color wp-elements-82026c186c0bc2e1ec8dd3b761aa3fb3\" style=\"font-size:25px\"><a href=\"\/contact\">Kontakta oss!<\/a><\/h2>\n<\/div><\/div>\n\n<\/div><\/div>\n\n\n<p><a href=\"https:\/\/stommer.se\/sidfot\/\" target=\"_blank\" rel=\"noreferrer noopener\"><\/a><\/p>\n\n\n\n<p><\/p>","protected":false},"excerpt":{"rendered":"<p>Contact us! info@stommer.se+46 (0)76 114 82 22 J\u00e4rntorgsgatan 12-14413 30 Gothenburg \u00a9 Stommer Studios AB.All Rights Reserved 2025 Contact us!<\/p>","protected":false},"author":1,"featured_media":0,"parent":0,"menu_order":0,"comment_status":"closed","ping_status":"closed","template":"","meta":{"_acf_changed":false,"_kad_blocks_custom_css":"","_kad_blocks_head_custom_js":"","_kad_blocks_body_custom_js":"","_kad_blocks_footer_custom_js":"","_monsterinsights_skip_tracking":false,"_monsterinsights_sitenote_active":false,"_monsterinsights_sitenote_note":"","_monsterinsights_sitenote_category":0,"footnotes":""},"class_list":["post-115","page","type-page","status-publish","hentry"],"acf":[],"yoast_head":"<!-- This site is optimized with the Yoast SEO plugin v26.5 - https:\/\/yoast.com\/wordpress\/plugins\/seo\/ -->\n<title>Sidfot - Stommer Studios<\/title>\n<meta name=\"robots\" content=\"index, follow, max-snippet:-1, max-image-preview:large, max-video-preview:-1\" \/>\n<link rel=\"canonical\" href=\"https:\/\/stommer.se\/sv\/sidfot\/\" \/>\n<meta property=\"og:locale\" content=\"sv_SE\" \/>\n<meta property=\"og:type\" content=\"article\" \/>\n<meta property=\"og:title\" content=\"Sidfot - Stommer Studios\" \/>\n<meta property=\"og:description\" content=\"Contact us! info@stommer.se+46 (0)76 114 82 22 J\u00e4rntorgsgatan 12-14413 30 Gothenburg \u00a9 Stommer Studios AB.All Rights Reserved 2025 Contact us!\" \/>\n<meta property=\"og:url\" content=\"https:\/\/stommer.se\/sv\/sidfot\/\" \/>\n<meta property=\"og:site_name\" content=\"Stommer Studios\" \/>\n<meta property=\"article:modified_time\" content=\"2026-02-11T09:23:03+00:00\" \/>\n<meta name=\"twitter:card\" content=\"summary_large_image\" \/>\n<meta name=\"twitter:label1\" content=\"Ber\u00e4knad l\u00e4stid\" \/>\n\t<meta name=\"twitter:data1\" content=\"1 minut\" \/>\n<script type=\"application\/ld+json\" class=\"yoast-schema-graph\">{\"@context\":\"https:\/\/schema.org\",\"@graph\":[{\"@type\":\"WebPage\",\"@id\":\"https:\/\/stommer.se\/sidfot\/\",\"url\":\"https:\/\/stommer.se\/sidfot\/\",\"name\":\"Sidfot - Stommer Studios\",\"isPartOf\":{\"@id\":\"https:\/\/stommer.se\/#website\"},\"primaryImageOfPage\":{\"@id\":\"https:\/\/stommer.se\/sidfot\/#primaryimage\"},\"image\":{\"@id\":\"https:\/\/stommer.se\/sidfot\/#primaryimage\"},\"thumbnailUrl\":\"https:\/\/stommer.se\/wp-content\/uploads\/2024\/10\/2rbef76yl5am2vz40ot.svg\",\"datePublished\":\"2023-10-05T14:07:13+00:00\",\"dateModified\":\"2026-02-11T09:23:03+00:00\",\"breadcrumb\":{\"@id\":\"https:\/\/stommer.se\/sidfot\/#breadcrumb\"},\"inLanguage\":\"sv-SE\",\"potentialAction\":[{\"@type\":\"ReadAction\",\"target\":[\"https:\/\/stommer.se\/sidfot\/\"]}]},{\"@type\":\"ImageObject\",\"inLanguage\":\"sv-SE\",\"@id\":\"https:\/\/stommer.se\/sidfot\/#primaryimage\",\"url\":\"https:\/\/stommer.se\/wp-content\/uploads\/2024\/10\/2rbef76yl5am2vz40ot.svg\",\"contentUrl\":\"https:\/\/stommer.se\/wp-content\/uploads\/2024\/10\/2rbef76yl5am2vz40ot.svg\"},{\"@type\":\"BreadcrumbList\",\"@id\":\"https:\/\/stommer.se\/sidfot\/#breadcrumb\",\"itemListElement\":[{\"@type\":\"ListItem\",\"position\":1,\"name\":\"Hem\",\"item\":\"https:\/\/stommer.se\/\"},{\"@type\":\"ListItem\",\"position\":2,\"name\":\"Sidfot\"}]},{\"@type\":\"WebSite\",\"@id\":\"https:\/\/stommer.se\/#website\",\"url\":\"https:\/\/stommer.se\/\",\"name\":\"Stommer Studios\",\"description\":\"Creating stories beyond the expected.\",\"publisher\":{\"@id\":\"https:\/\/stommer.se\/#organization\"},\"potentialAction\":[{\"@type\":\"SearchAction\",\"target\":{\"@type\":\"EntryPoint\",\"urlTemplate\":\"https:\/\/stommer.se\/?s={search_term_string}\"},\"query-input\":{\"@type\":\"PropertyValueSpecification\",\"valueRequired\":true,\"valueName\":\"search_term_string\"}}],\"inLanguage\":\"sv-SE\"},{\"@type\":\"Organization\",\"@id\":\"https:\/\/stommer.se\/#organization\",\"name\":\"Stommer Studios\",\"url\":\"https:\/\/stommer.se\/\",\"logo\":{\"@type\":\"ImageObject\",\"inLanguage\":\"sv-SE\",\"@id\":\"https:\/\/stommer.se\/#\/schema\/logo\/image\/\",\"url\":\"https:\/\/stommer.se\/wp-content\/uploads\/2024\/10\/2rbef76yl5am2vz40ot.svg\",\"contentUrl\":\"https:\/\/stommer.se\/wp-content\/uploads\/2024\/10\/2rbef76yl5am2vz40ot.svg\",\"width\":1,\"height\":1,\"caption\":\"Stommer Studios\"},\"image\":{\"@id\":\"https:\/\/stommer.se\/#\/schema\/logo\/image\/\"}}]}<\/script>\n<!-- \/ Yoast SEO plugin. -->","yoast_head_json":{"title":"Sidfot - Stommer Studios","robots":{"index":"index","follow":"follow","max-snippet":"max-snippet:-1","max-image-preview":"max-image-preview:large","max-video-preview":"max-video-preview:-1"},"canonical":"https:\/\/stommer.se\/sv\/sidfot\/","og_locale":"sv_SE","og_type":"article","og_title":"Sidfot - Stommer Studios","og_description":"Contact us! info@stommer.se+46 (0)76 114 82 22 J\u00e4rntorgsgatan 12-14413 30 Gothenburg \u00a9 Stommer Studios AB.All Rights Reserved 2025 Contact us!","og_url":"https:\/\/stommer.se\/sv\/sidfot\/","og_site_name":"Stommer Studios","article_modified_time":"2026-02-11T09:23:03+00:00","twitter_card":"summary_large_image","twitter_misc":{"Ber\u00e4knad l\u00e4stid":"1 minut"},"schema":{"@context":"https:\/\/schema.org","@graph":[{"@type":"WebPage","@id":"https:\/\/stommer.se\/sidfot\/","url":"https:\/\/stommer.se\/sidfot\/","name":"Sidfot - Stommer Studios","isPartOf":{"@id":"https:\/\/stommer.se\/#website"},"primaryImageOfPage":{"@id":"https:\/\/stommer.se\/sidfot\/#primaryimage"},"image":{"@id":"https:\/\/stommer.se\/sidfot\/#primaryimage"},"thumbnailUrl":"https:\/\/stommer.se\/wp-content\/uploads\/2024\/10\/2rbef76yl5am2vz40ot.svg","datePublished":"2023-10-05T14:07:13+00:00","dateModified":"2026-02-11T09:23:03+00:00","breadcrumb":{"@id":"https:\/\/stommer.se\/sidfot\/#breadcrumb"},"inLanguage":"sv-SE","potentialAction":[{"@type":"ReadAction","target":["https:\/\/stommer.se\/sidfot\/"]}]},{"@type":"ImageObject","inLanguage":"sv-SE","@id":"https:\/\/stommer.se\/sidfot\/#primaryimage","url":"https:\/\/stommer.se\/wp-content\/uploads\/2024\/10\/2rbef76yl5am2vz40ot.svg","contentUrl":"https:\/\/stommer.se\/wp-content\/uploads\/2024\/10\/2rbef76yl5am2vz40ot.svg"},{"@type":"BreadcrumbList","@id":"https:\/\/stommer.se\/sidfot\/#breadcrumb","itemListElement":[{"@type":"ListItem","position":1,"name":"Hem","item":"https:\/\/stommer.se\/"},{"@type":"ListItem","position":2,"name":"Sidfot"}]},{"@type":"WebSite","@id":"https:\/\/stommer.se\/#website","url":"https:\/\/stommer.se\/","name":"Stommer Studios","description":"Skapa ber\u00e4ttelser bortom det f\u00f6rv\u00e4ntade.","publisher":{"@id":"https:\/\/stommer.se\/#organization"},"potentialAction":[{"@type":"SearchAction","target":{"@type":"EntryPoint","urlTemplate":"https:\/\/stommer.se\/?s={search_term_string}"},"query-input":{"@type":"PropertyValueSpecification","valueRequired":true,"valueName":"search_term_string"}}],"inLanguage":"sv-SE"},{"@type":"Organization","@id":"https:\/\/stommer.se\/#organization","name":"Stommer Studios","url":"https:\/\/stommer.se\/","logo":{"@type":"ImageObject","inLanguage":"sv-SE","@id":"https:\/\/stommer.se\/#\/schema\/logo\/image\/","url":"https:\/\/stommer.se\/wp-content\/uploads\/2024\/10\/2rbef76yl5am2vz40ot.svg","contentUrl":"https:\/\/stommer.se\/wp-content\/uploads\/2024\/10\/2rbef76yl5am2vz40ot.svg","width":1,"height":1,"caption":"Stommer Studios"},"image":{"@id":"https:\/\/stommer.se\/#\/schema\/logo\/image\/"}}]}},"taxonomy_info":[],"featured_image_src_large":false,"author_info":{"display_name":"smort","author_link":"https:\/\/stommer.se\/sv\/author\/smort\/"},"comment_info":0,"_links":{"self":[{"href":"https:\/\/stommer.se\/sv\/wp-json\/wp\/v2\/pages\/115","targetHints":{"allow":["GET"]}}],"collection":[{"href":"https:\/\/stommer.se\/sv\/wp-json\/wp\/v2\/pages"}],"about":[{"href":"https:\/\/stommer.se\/sv\/wp-json\/wp\/v2\/types\/page"}],"author":[{"embeddable":true,"href":"https:\/\/stommer.se\/sv\/wp-json\/wp\/v2\/users\/1"}],"replies":[{"embeddable":true,"href":"https:\/\/stommer.se\/sv\/wp-json\/wp\/v2\/comments?post=115"}],"version-history":[{"count":150,"href":"https:\/\/stommer.se\/sv\/wp-json\/wp\/v2\/pages\/115\/revisions"}],"predecessor-version":[{"id":2181,"href":"https:\/\/stommer.se\/sv\/wp-json\/wp\/v2\/pages\/115\/revisions\/2181"}],"wp:attachment":[{"href":"https:\/\/stommer.se\/sv\/wp-json\/wp\/v2\/media?parent=115"}],"curies":[{"name":"wp","href":"https:\/\/api.w.org\/{rel}","templated":true}]}}